{"id":763,"date":"2021-01-26T15:25:17","date_gmt":"2021-01-26T14:25:17","guid":{"rendered":"https:\/\/www.teuman.it\/?page_id=763"},"modified":"2021-06-01T15:56:22","modified_gmt":"2021-06-01T13:56:22","slug":"preparativos-para-la-ecologia","status":"publish","type":"page","link":"https:\/\/www.teuman.it\/es\/","title":{"rendered":"Preparativos para la ecolog\u00eda"},"content":{"rendered":"","protected":false},"excerpt":{"rendered":"","protected":false},"author":2,"featured_media":0,"parent":0,"menu_order":0,"comment_status":"closed","ping_status":"closed","template":"home-template.php","meta":[],"yoast_head":"<!-- This site is optimized with the Yoast SEO plugin v15.7 - https:\/\/yoast.com\/wordpress\/plugins\/seo\/ -->\n<title>Equipamientos para la ecolog\u00eda y el tratamiento de residuos - Teuman<\/title>\n<meta name=\"description\" content=\"Teuman, gracias a su experiencia de diez a\u00f1os en la construcci\u00f3n de sistemas y tecnolog\u00edas para la ecolog\u00eda, es el socio ideal para el tratamiento de residuos.\" \/>\n<meta name=\"robots\" content=\"index, follow, max-snippet:-1, max-image-preview:large, max-video-preview:-1\" \/>\n<link rel=\"canonical\" href=\"https:\/\/www.teuman.it\/es\/\" \/>\n<meta property=\"og:locale\" content=\"es_ES\" \/>\n<meta property=\"og:type\" content=\"article\" \/>\n<meta property=\"og:title\" content=\"Equipamientos para la ecolog\u00eda y el tratamiento de residuos - Teuman\" \/>\n<meta property=\"og:description\" content=\"Teuman, gracias a su experiencia de diez a\u00f1os en la construcci\u00f3n de sistemas y tecnolog\u00edas para la ecolog\u00eda, es el socio ideal para el tratamiento de residuos.\" \/>\n<meta property=\"og:url\" content=\"https:\/\/www.teuman.it\/es\/\" \/>\n<meta property=\"og:site_name\" content=\"Teuman\" \/>\n<meta property=\"article:modified_time\" content=\"2021-06-01T13:56:22+00:00\" \/>\n<meta name=\"twitter:card\" content=\"summary_large_image\" \/>\n<script type=\"application\/ld+json\" class=\"yoast-schema-graph\">{\"@context\":\"https:\/\/schema.org\",\"@graph\":[{\"@type\":\"WebSite\",\"@id\":\"https:\/\/www.teuman.it\/#website\",\"url\":\"https:\/\/www.teuman.it\/\",\"name\":\"Teuman\",\"description\":\"Allestimenti per Ecologia\",\"potentialAction\":[{\"@type\":\"SearchAction\",\"target\":\"https:\/\/www.teuman.it\/?s={search_term_string}\",\"query-input\":\"required name=search_term_string\"}],\"inLanguage\":\"es\"},{\"@type\":\"WebPage\",\"@id\":\"https:\/\/www.teuman.it\/es\/#webpage\",\"url\":\"https:\/\/www.teuman.it\/es\/\",\"name\":\"Equipamientos para la ecolog\\u00eda y el tratamiento de residuos - Teuman\",\"isPartOf\":{\"@id\":\"https:\/\/www.teuman.it\/#website\"},\"datePublished\":\"2021-01-26T14:25:17+00:00\",\"dateModified\":\"2021-06-01T13:56:22+00:00\",\"description\":\"Teuman, gracias a su experiencia de diez a\\u00f1os en la construcci\\u00f3n de sistemas y tecnolog\\u00edas para la ecolog\\u00eda, es el socio ideal para el tratamiento de residuos.\",\"inLanguage\":\"es\",\"potentialAction\":[{\"@type\":\"ReadAction\",\"target\":[\"https:\/\/www.teuman.it\/es\/\"]}]}]}<\/script>\n<!-- \/ Yoast SEO plugin. -->","_links":{"self":[{"href":"https:\/\/www.teuman.it\/es\/wp-json\/wp\/v2\/pages\/763"}],"collection":[{"href":"https:\/\/www.teuman.it\/es\/wp-json\/wp\/v2\/pages"}],"about":[{"href":"https:\/\/www.teuman.it\/es\/wp-json\/wp\/v2\/types\/page"}],"author":[{"embeddable":true,"href":"https:\/\/www.teuman.it\/es\/wp-json\/wp\/v2\/users\/2"}],"replies":[{"embeddable":true,"href":"https:\/\/www.teuman.it\/es\/wp-json\/wp\/v2\/comments?post=763"}],"version-history":[{"count":10,"href":"https:\/\/www.teuman.it\/es\/wp-json\/wp\/v2\/pages\/763\/revisions"}],"predecessor-version":[{"id":848,"href":"https:\/\/www.teuman.it\/es\/wp-json\/wp\/v2\/pages\/763\/revisions\/848"}],"wp:attachment":[{"href":"https:\/\/www.teuman.it\/es\/wp-json\/wp\/v2\/media?parent=763"}],"curies":[{"name":"wp","href":"https:\/\/api.w.org\/{rel}","templated":true}]}}