{"id":759,"date":"2021-01-26T15:06:30","date_gmt":"2021-01-26T14:06:30","guid":{"rendered":"https:\/\/www.teuman.it\/?page_id=759"},"modified":"2021-06-01T16:05:26","modified_gmt":"2021-06-01T14:05:26","slug":"quienes-somos","status":"publish","type":"page","link":"https:\/\/www.teuman.it\/es\/quienes-somos\/","title":{"rendered":"Quienes Somos"},"content":{"rendered":"\n<p>Teuman cuenta con d\u00e9cadas de experiencia en la construcci\u00f3n de sistemas y tecnolog\u00edas destinadas para resolver el problema de la <strong>recogida , transporte, almacenamiento <\/strong>y <strong>clasificaci\u00f3n de residuos<\/strong>.&nbsp;<\/p>\n\n\n\n<p>Posee una estructura cubierta de 4.000 m y una gran \u00e1rea exterior de 22.000 m para el estacionamiento de veh\u00edculos.&nbsp;<\/p>\n\n\n\n<p>El taller est\u00e1 equipado con <strong>4 puentes gr\u00faa <\/strong>para la elevaci\u00f3n de veh\u00edculos y todo el equipo necesario para ofrecer un servicio <strong>r\u00e1pido <\/strong>y <strong>cualificado<\/strong>.&nbsp;<\/p>\n\n\n\n<p>Somos capaces de proporcionar asistencia con la mayor <strong>profesionalidad <\/strong>y <strong>competencia<\/strong>.&nbsp;<\/p>\n\n\n\n<p>El continuo desarrollo profesional y la investigaci\u00f3n de nuevas aplicaciones nos permite operar con cualquier medio, <strong>compactadores<\/strong>, <strong>lavacontenedores<\/strong>, <strong>instalaciones de selecci\u00f3n<\/strong>, <strong>prensas <\/strong>y otros m\u00e1s.&nbsp;<\/p>\n\n\n\n<p>La empresa TEUMAN est\u00e1 especializada en la construcci\u00f3n y venta de m\u00e1quinas y equipos para la recogida y clasificaci\u00f3n de residuos s\u00f3lidos urbanos, como semirremolques de piso m\u00f3vil, compactadores medianos y grandes con carga trasera, minicompactadores, prensas y multibancos.&nbsp;<\/p>\n","protected":false},"excerpt":{"rendered":"<p>Teuman cuenta con d\u00e9cadas de experiencia en la construcci\u00f3n de sistemas y tecnolog\u00edas destinadas para resolver el problema de la recogida , transporte, almacenamiento y clasificaci\u00f3n de residuos.&nbsp; Posee una estructura cubierta de 4.000 m y una gran \u00e1rea exterior de 22.000 m para el estacionamiento de veh\u00edculos.&nbsp; El taller est\u00e1 equipado con 4 puentes [&hellip;]<\/p>\n","protected":false},"author":2,"featured_media":455,"parent":0,"menu_order":0,"comment_status":"closed","ping_status":"closed","template":"","meta":[],"yoast_head":"<!-- This site is optimized with the Yoast SEO plugin v15.7 - https:\/\/yoast.com\/wordpress\/plugins\/seo\/ -->\n<title>Construcci\u00f3n y venta de maquinaria de recogida de residuos - Teuman<\/title>\n<meta name=\"description\" content=\"Teuman se ocupa de la recogida, transporte, almacenamiento y selecci\u00f3n de residuos mediante la construcci\u00f3n de sistemas y tecnolog\u00edas para la ecolog\u00eda.\" \/>\n<meta name=\"robots\" content=\"index, follow, max-snippet:-1, max-image-preview:large, max-video-preview:-1\" \/>\n<link rel=\"canonical\" href=\"https:\/\/www.teuman.it\/es\/quienes-somos\/\" \/>\n<meta property=\"og:locale\" content=\"es_ES\" \/>\n<meta property=\"og:type\" content=\"article\" \/>\n<meta property=\"og:title\" content=\"Construcci\u00f3n y venta de maquinaria de recogida de residuos - Teuman\" \/>\n<meta property=\"og:description\" content=\"Teuman se ocupa de la recogida, transporte, almacenamiento y selecci\u00f3n de residuos mediante la construcci\u00f3n de sistemas y tecnolog\u00edas para la ecolog\u00eda.\" \/>\n<meta property=\"og:url\" content=\"https:\/\/www.teuman.it\/es\/quienes-somos\/\" \/>\n<meta property=\"og:site_name\" content=\"Teuman\" \/>\n<meta property=\"article:modified_time\" content=\"2021-06-01T14:05:26+00:00\" \/>\n<meta property=\"og:image\" content=\"https:\/\/www.teuman.it\/wp-content\/uploads\/2017\/07\/services_5.jpg\" \/>\n\t<meta property=\"og:image:width\" content=\"367\" \/>\n\t<meta property=\"og:image:height\" content=\"306\" \/>\n<meta name=\"twitter:card\" content=\"summary_large_image\" \/>\n<meta name=\"twitter:label1\" content=\"Tiempo de lectura\">\n\t<meta name=\"twitter:data1\" content=\"1 minuto\">\n<script type=\"application\/ld+json\" class=\"yoast-schema-graph\">{\"@context\":\"https:\/\/schema.org\",\"@graph\":[{\"@type\":\"WebSite\",\"@id\":\"https:\/\/www.teuman.it\/#website\",\"url\":\"https:\/\/www.teuman.it\/\",\"name\":\"Teuman\",\"description\":\"Allestimenti per Ecologia\",\"potentialAction\":[{\"@type\":\"SearchAction\",\"target\":\"https:\/\/www.teuman.it\/?s={search_term_string}\",\"query-input\":\"required name=search_term_string\"}],\"inLanguage\":\"es\"},{\"@type\":\"ImageObject\",\"@id\":\"https:\/\/www.teuman.it\/es\/quienes-somos\/#primaryimage\",\"inLanguage\":\"es\",\"url\":\"https:\/\/www.teuman.it\/wp-content\/uploads\/2017\/07\/services_5.jpg\",\"width\":367,\"height\":306},{\"@type\":\"WebPage\",\"@id\":\"https:\/\/www.teuman.it\/es\/quienes-somos\/#webpage\",\"url\":\"https:\/\/www.teuman.it\/es\/quienes-somos\/\",\"name\":\"Construcci\\u00f3n y venta de maquinaria de recogida de residuos - Teuman\",\"isPartOf\":{\"@id\":\"https:\/\/www.teuman.it\/#website\"},\"primaryImageOfPage\":{\"@id\":\"https:\/\/www.teuman.it\/es\/quienes-somos\/#primaryimage\"},\"datePublished\":\"2021-01-26T14:06:30+00:00\",\"dateModified\":\"2021-06-01T14:05:26+00:00\",\"description\":\"Teuman se ocupa de la recogida, transporte, almacenamiento y selecci\\u00f3n de residuos mediante la construcci\\u00f3n de sistemas y tecnolog\\u00edas para la ecolog\\u00eda.\",\"inLanguage\":\"es\",\"potentialAction\":[{\"@type\":\"ReadAction\",\"target\":[\"https:\/\/www.teuman.it\/es\/quienes-somos\/\"]}]}]}<\/script>\n<!-- \/ Yoast SEO plugin. -->","_links":{"self":[{"href":"https:\/\/www.teuman.it\/es\/wp-json\/wp\/v2\/pages\/759"}],"collection":[{"href":"https:\/\/www.teuman.it\/es\/wp-json\/wp\/v2\/pages"}],"about":[{"href":"https:\/\/www.teuman.it\/es\/wp-json\/wp\/v2\/types\/page"}],"author":[{"embeddable":true,"href":"https:\/\/www.teuman.it\/es\/wp-json\/wp\/v2\/users\/2"}],"replies":[{"embeddable":true,"href":"https:\/\/www.teuman.it\/es\/wp-json\/wp\/v2\/comments?post=759"}],"version-history":[{"count":5,"href":"https:\/\/www.teuman.it\/es\/wp-json\/wp\/v2\/pages\/759\/revisions"}],"predecessor-version":[{"id":866,"href":"https:\/\/www.teuman.it\/es\/wp-json\/wp\/v2\/pages\/759\/revisions\/866"}],"wp:featuredmedia":[{"embeddable":true,"href":"https:\/\/www.teuman.it\/es\/wp-json\/wp\/v2\/media\/455"}],"wp:attachment":[{"href":"https:\/\/www.teuman.it\/es\/wp-json\/wp\/v2\/media?parent=759"}],"curies":[{"name":"wp","href":"https:\/\/api.w.org\/{rel}","templated":true}]}}